{"id":33,"date":"2024-01-22T15:17:10","date_gmt":"2024-01-22T15:17:10","guid":{"rendered":"https:\/\/necidiniz.com.br\/stage\/contact-us\/"},"modified":"2024-02-08T11:15:23","modified_gmt":"2024-02-08T11:15:23","slug":"fale-conosco","status":"publish","type":"page","link":"https:\/\/necidiniz.com.br\/stage\/fale-conosco\/","title":{"rendered":"Fale Conosco"},"content":{"rendered":"\t\t<div data-elementor-type=\"wp-page\" data-elementor-id=\"33\" class=\"elementor elementor-33\">\n\t\t\t\t<div class=\"elementor-element elementor-element-775b211 e-flex e-con-boxed e-con e-parent\" data-id=\"775b211\" data-element_type=\"container\" data-settings=\"{&quot;background_background&quot;:&quot;classic&quot;}\">\n\t\t\t\t\t<div class=\"e-con-inner\">\n\t\t\t\t<div class=\"elementor-element elementor-element-82d09ef elementor-invisible elementor-widget elementor-widget-heading\" data-id=\"82d09ef\" data-element_type=\"widget\" data-settings=\"{&quot;_animation&quot;:&quot;fadeIn&quot;}\" data-widget_type=\"heading.default\">\n\t\t\t\t<div class=\"elementor-widget-container\">\n\t\t\t\t\t<h1 class=\"elementor-heading-title elementor-size-default\">Neci Diniz &amp; Equipe<br>Cabeleireiros<\/h1>\t\t\t\t<\/div>\n\t\t\t\t<\/div>\n\t\t\t\t<div class=\"elementor-element elementor-element-ba90e09 elementor-invisible elementor-widget elementor-widget-heading\" data-id=\"ba90e09\" data-element_type=\"widget\" data-settings=\"{&quot;_animation&quot;:&quot;fadeIn&quot;}\" data-widget_type=\"heading.default\">\n\t\t\t\t<div class=\"elementor-widget-container\">\n\t\t\t\t\t<h5 class=\"elementor-heading-title elementor-size-default\">Beleza que Transforma, Cuidado que Encanta <\/h5>\t\t\t\t<\/div>\n\t\t\t\t<\/div>\n\t\t\t\t\t<\/div>\n\t\t\t\t<\/div>\n\t\t<div class=\"elementor-element elementor-element-613e2f2 e-flex e-con-boxed e-con e-parent\" data-id=\"613e2f2\" data-element_type=\"container\">\n\t\t\t\t\t<div class=\"e-con-inner\">\n\t\t\t\t<div class=\"elementor-element elementor-element-0fa7687 elementor-widget elementor-widget-heading\" data-id=\"0fa7687\" data-element_type=\"widget\" data-widget_type=\"heading.default\">\n\t\t\t\t<div class=\"elementor-widget-container\">\n\t\t\t\t\t<h2 class=\"elementor-heading-title elementor-size-default\">Fale conosco<\/h2>\t\t\t\t<\/div>\n\t\t\t\t<\/div>\n\t\t\t\t\t<\/div>\n\t\t\t\t<\/div>\n\t\t<div class=\"elementor-element elementor-element-abcb97e e-flex e-con-boxed e-con e-parent\" data-id=\"abcb97e\" data-element_type=\"container\">\n\t\t\t\t\t<div class=\"e-con-inner\">\n\t\t\t\t<div class=\"elementor-element elementor-element-5d88fe1 elementor-widget elementor-widget-wpforms\" data-id=\"5d88fe1\" data-element_type=\"widget\" data-widget_type=\"wpforms.default\">\n\t\t\t\t<div class=\"elementor-widget-container\">\n\t\t\t\t\t<style id=\"wpforms-css-vars-elementor-widget-5d88fe1\">\n\t\t\t\t.elementor-widget-wpforms.elementor-element-5d88fe1 {\n\t\t\t\t--wpforms-field-size-input-height: 43px;\n--wpforms-field-size-input-spacing: 15px;\n--wpforms-field-size-font-size: 16px;\n--wpforms-field-size-line-height: 19px;\n--wpforms-field-size-padding-h: 14px;\n--wpforms-field-size-checkbox-size: 16px;\n--wpforms-field-size-sublabel-spacing: 5px;\n--wpforms-field-size-icon-size: 1;\n--wpforms-label-size-font-size: 16px;\n--wpforms-label-size-line-height: 19px;\n--wpforms-label-size-sublabel-font-size: 14px;\n--wpforms-label-size-sublabel-line-height: 17px;\n--wpforms-button-size-font-size: 17px;\n--wpforms-button-size-height: 41px;\n--wpforms-button-size-padding-h: 15px;\n--wpforms-button-size-margin-top: 10px;\n\n\t\t\t}\n\t\t\t<\/style><div class=\"wpforms-container wpforms-container-full wpforms-render-modern\" id=\"wpforms-180\"><form id=\"wpforms-form-180\" class=\"wpforms-validate wpforms-form wpforms-ajax-form\" data-formid=\"180\" method=\"post\" enctype=\"multipart\/form-data\" action=\"\/stage\/wp-json\/wp\/v2\/pages\/33\" data-token=\"b3b040aab8f5be31ec74e666df4d79eb\" data-token-time=\"1778422438\"><noscript class=\"wpforms-error-noscript\">Ative o JavaScript no seu navegador para preencher este formul\u00e1rio.<\/noscript><div class=\"wpforms-hidden\" id=\"wpforms-error-noscript\">Ative o JavaScript no seu navegador para preencher este formul\u00e1rio.<\/div><div class=\"wpforms-field-container\"><div id=\"wpforms-180-field_0-container\" class=\"wpforms-field wpforms-field-name\" data-field-id=\"0\"><fieldset><legend class=\"wpforms-field-label\">Nome <span class=\"wpforms-required-label\" aria-hidden=\"true\">*<\/span><\/legend><div class=\"wpforms-field-row wpforms-field-large\"><div class=\"wpforms-field-row-block wpforms-first wpforms-one-half\"><input type=\"text\" id=\"wpforms-180-field_0\" class=\"wpforms-field-name-first wpforms-field-required\" name=\"wpforms[fields][0][first]\" aria-errormessage=\"wpforms-180-field_0-error\" required><label for=\"wpforms-180-field_0\" class=\"wpforms-field-sublabel after\">Nome<\/label><\/div><div class=\"wpforms-field-row-block wpforms-one-half\"><input type=\"text\" id=\"wpforms-180-field_0-last\" class=\"wpforms-field-name-last wpforms-field-required\" name=\"wpforms[fields][0][last]\" aria-errormessage=\"wpforms-180-field_0-last-error\" required><label for=\"wpforms-180-field_0-last\" class=\"wpforms-field-sublabel after\">Sobrenome<\/label><\/div><\/div><\/fieldset><\/div><div id=\"wpforms-180-field_1-container\" class=\"wpforms-field wpforms-field-email\" data-field-id=\"1\"><label class=\"wpforms-field-label\" for=\"wpforms-180-field_1\">E-mail <span class=\"wpforms-required-label\" aria-hidden=\"true\">*<\/span><\/label><input type=\"email\" id=\"wpforms-180-field_1\" class=\"wpforms-field-large wpforms-field-required\" name=\"wpforms[fields][1]\" spellcheck=\"false\" aria-errormessage=\"wpforms-180-field_1-error\" required><\/div><div id=\"wpforms-180-field_3-container\" class=\"wpforms-field wpforms-field-number\" data-field-id=\"3\"><label class=\"wpforms-field-label\" for=\"wpforms-180-field_3\">Whatsapp <span class=\"wpforms-required-label\" aria-hidden=\"true\">*<\/span><\/label><input type=\"number\" id=\"wpforms-180-field_3\" class=\"wpforms-field-large wpforms-field-required\" name=\"wpforms[fields][3]\" value=\"(11) 99999-9999\" step=\"any\" aria-errormessage=\"wpforms-180-field_3-error\" required><\/div><div id=\"wpforms-180-field_2-container\" class=\"wpforms-field wpforms-field-textarea\" data-field-id=\"2\"><label class=\"wpforms-field-label\" for=\"wpforms-180-field_2\">Coment\u00e1rio ou Mensagem<\/label><textarea id=\"wpforms-180-field_2\" class=\"wpforms-field-medium\" name=\"wpforms[fields][2]\" aria-errormessage=\"wpforms-180-field_2-error\" ><\/textarea><\/div><\/div><!-- .wpforms-field-container --><div class=\"wpforms-submit-container\" ><input type=\"hidden\" name=\"wpforms[id]\" value=\"180\"><input type=\"hidden\" name=\"page_title\" value=\"\"><input type=\"hidden\" name=\"page_url\" value=\"https:\/\/necidiniz.com.br\/stage\/wp-json\/wp\/v2\/pages\/33\"><input type=\"hidden\" name=\"url_referer\" value=\"\"><button type=\"submit\" name=\"wpforms[submit]\" id=\"wpforms-submit-180\" class=\"wpforms-submit\" data-alt-text=\"Enviando\u2026\" data-submit-text=\"Enviar\" aria-live=\"assertive\" value=\"wpforms-submit\">Enviar<\/button><img decoding=\"async\" src=\"https:\/\/necidiniz.com.br\/stage\/wp-content\/plugins\/wpforms-lite\/assets\/images\/submit-spin.svg\" class=\"wpforms-submit-spinner\" style=\"display: none;\" width=\"26\" height=\"26\" alt=\"Carregando\"><\/div><\/form><\/div>  <!-- .wpforms-container -->\t\t\t\t<\/div>\n\t\t\t\t<\/div>\n\t\t\t\t\t<\/div>\n\t\t\t\t<\/div>\n\t\t<div class=\"elementor-element elementor-element-b259f9f e-flex e-con-boxed e-con e-parent\" data-id=\"b259f9f\" data-element_type=\"container\" data-settings=\"{&quot;background_background&quot;:&quot;classic&quot;}\">\n\t\t\t\t\t<div class=\"e-con-inner\">\n\t\t\t\t<div class=\"elementor-element elementor-element-4823bf7 elementor-widget elementor-widget-heading\" data-id=\"4823bf7\" data-element_type=\"widget\" data-widget_type=\"heading.default\">\n\t\t\t\t<div class=\"elementor-widget-container\">\n\t\t\t\t\t<h2 class=\"elementor-heading-title elementor-size-default\">Localiza\u00e7\u00e3o<\/h2>\t\t\t\t<\/div>\n\t\t\t\t<\/div>\n\t\t\t\t<div class=\"elementor-element elementor-element-3d84ad8 elementor-widget elementor-widget-heading\" data-id=\"3d84ad8\" data-element_type=\"widget\" data-widget_type=\"heading.default\">\n\t\t\t\t<div class=\"elementor-widget-container\">\n\t\t\t\t\t<h5 class=\"elementor-heading-title elementor-size-default\">\nOferecemos servi\u00e7os personalizados em duas localiza\u00e7\u00f5es estrat\u00e9gicas para atender melhor aos nossos clientes. Visite uma de nossas unidades no Bairro de Pinheiros em S\u00e3o Paulo. <\/h5>\t\t\t\t<\/div>\n\t\t\t\t<\/div>\n\t\t<div class=\"elementor-element elementor-element-8f0677f e-con-full e-flex e-con e-child\" data-id=\"8f0677f\" data-element_type=\"container\">\n\t\t<div class=\"elementor-element elementor-element-bef1021 e-con-full e-flex e-con e-child\" data-id=\"bef1021\" data-element_type=\"container\">\n\t\t\t\t<div class=\"elementor-element elementor-element-d6165dc elementor-widget elementor-widget-heading\" data-id=\"d6165dc\" data-element_type=\"widget\" data-widget_type=\"heading.default\">\n\t\t\t\t<div class=\"elementor-widget-container\">\n\t\t\t\t\t<h3 class=\"elementor-heading-title elementor-size-default\">Unidade 1<\/h3>\t\t\t\t<\/div>\n\t\t\t\t<\/div>\n\t\t\t\t<div class=\"elementor-element elementor-element-a56cb59 elementor-widget elementor-widget-text-editor\" data-id=\"a56cb59\" data-element_type=\"widget\" data-widget_type=\"text-editor.default\">\n\t\t\t\t<div class=\"elementor-widget-container\">\n\t\t\t\t\t\t\t\t\t<p>Rua In\u00e1cio Pereira da Rocha, 409 &#8211; Pinheiros &#8211; SP<\/p>\n<a style=\"color: #fe4c02;\" href=\"tel:+551138153022\"><i class=\"fa-solid fa-phone\"><\/i> (11) 3815-3022<\/a>\u00a0|\u00a0<a style=\"color: #fe4c02;\" href=\"https:\/\/api.whatsapp.com\/send?phone=5511951779463\" target=\"_blank\" rel=\"noreferrer noopener\"><i class=\"fa-brands fa-whatsapp\"><\/i> (11) 95177-9463<\/a>\t\t\t\t\t\t\t\t<\/div>\n\t\t\t\t<\/div>\n\t\t\t\t<div class=\"elementor-element elementor-element-a84d59b elementor-widget elementor-widget-shortcode\" data-id=\"a84d59b\" data-element_type=\"widget\" data-widget_type=\"shortcode.default\">\n\t\t\t\t<div class=\"elementor-widget-container\">\n\t\t\t\t\t\t\t<div class=\"elementor-shortcode\"><iframe src=\"https:\/\/www.google.com\/maps\/embed?pb=!1m18!1m12!1m3!1d1087.2946949103828!2d-46.69133102989351!3d-23.560941637997736!2m3!1f0!2f0!3f0!3m2!1i1024!2i768!4f13.1!3m3!1m2!1s0x94ce57a3d113d179%3A0x85d542deaace0747!2sNeci%20Diniz%20%26%20Equipe%20Cabeleireiros!5e0!3m2!1spt-BR!2sbr!4v1706477720178!5m2!1spt-BR!2sbr\" width=\"100%\" height=\"300\" style=\"border:0;\" allowfullscreen=\"\" loading=\"lazy\" referrerpolicy=\"no-referrer-when-downgrade\"><\/iframe><\/div>\n\t\t\t\t\t\t<\/div>\n\t\t\t\t<\/div>\n\t\t\t\t<\/div>\n\t\t<div class=\"elementor-element elementor-element-101bb23 e-con-full e-flex e-con e-child\" data-id=\"101bb23\" data-element_type=\"container\">\n\t\t\t\t<div class=\"elementor-element elementor-element-4f30b9e elementor-widget elementor-widget-heading\" data-id=\"4f30b9e\" data-element_type=\"widget\" data-widget_type=\"heading.default\">\n\t\t\t\t<div class=\"elementor-widget-container\">\n\t\t\t\t\t<h3 class=\"elementor-heading-title elementor-size-default\">Unidade 2<\/h3>\t\t\t\t<\/div>\n\t\t\t\t<\/div>\n\t\t\t\t<div class=\"elementor-element elementor-element-c451b13 elementor-widget elementor-widget-text-editor\" data-id=\"c451b13\" data-element_type=\"widget\" data-widget_type=\"text-editor.default\">\n\t\t\t\t<div class=\"elementor-widget-container\">\n\t\t\t\t\t\t\t\t\t<p>Rua Dr. Fernandes Coelho, 86 &#8211; Pinheiros &#8211; SP<\/p>\n<a style=\"color: #fe4c02;\" href=\"tel:+551123719718\"><i class=\"fa-solid fa-phone\"><\/i> (11) 2371-9718<\/a>\u00a0|\u00a0<a style=\"color: #fe4c02;\" href=\"https:\/\/api.whatsapp.com\/send?phone=5511982650410\" target=\"_blank\" rel=\"noreferrer noopener\"><i class=\"fa-brands fa-whatsapp\"><\/i> (11) 98265-0410<\/a>\t\t\t\t\t\t\t\t<\/div>\n\t\t\t\t<\/div>\n\t\t\t\t<div class=\"elementor-element elementor-element-9179b63 elementor-widget elementor-widget-shortcode\" data-id=\"9179b63\" data-element_type=\"widget\" data-widget_type=\"shortcode.default\">\n\t\t\t\t<div class=\"elementor-widget-container\">\n\t\t\t\t\t\t\t<div class=\"elementor-shortcode\"><iframe src=\"https:\/\/www.google.com\/maps\/embed?pb=!1m18!1m12!1m3!1d3656.9959076123696!2d-46.69265172478823!3d-23.568590461857564!2m3!1f0!2f0!3f0!3m2!1i1024!2i768!4f13.1!3m3!1m2!1s0x94ce575a43862d4f%3A0x98dd37579a173cfb!2sNeci%20Diniz%20%26%20Equipe%2002%20Hair%20Stylist!5e0!3m2!1spt-BR!2sbr!4v1706476628616!5m2!1spt-BR!2sbr\" width=\"100%\" height=\"300\" style=\"border:0;\" allowfullscreen=\"\" loading=\"lazy\" referrerpolicy=\"no-referrer-when-downgrade\"><\/iframe><\/div>\n\t\t\t\t\t\t<\/div>\n\t\t\t\t<\/div>\n\t\t\t\t<\/div>\n\t\t\t\t<\/div>\n\t\t\t\t\t<\/div>\n\t\t\t\t<\/div>\n\t\t\t\t<\/div>\n\t\t","protected":false},"excerpt":{"rendered":"<p>Neci Diniz &amp; EquipeCabeleireiros Beleza que Transforma, Cuidado que Encanta Fale conosco Ative o JavaScript no seu navegador para preencher este formul\u00e1rio.Ative o JavaScript no seu navegador para preencher este formul\u00e1rio. Nome * NomeSobrenome E-mail *Whatsapp *Coment\u00e1rio ou Mensagem Enviar Localiza\u00e7\u00e3o Oferecemos servi\u00e7os personalizados em duas localiza\u00e7\u00f5es estrat\u00e9gicas para atender melhor aos nossos clientes. Visite [&hellip;]<\/p>\n","protected":false},"author":1,"featured_media":0,"parent":0,"menu_order":0,"comment_status":"closed","ping_status":"closed","template":"elementor_header_footer","meta":{"footnotes":""},"class_list":["post-33","page","type-page","status-publish","hentry"],"_links":{"self":[{"href":"https:\/\/necidiniz.com.br\/stage\/wp-json\/wp\/v2\/pages\/33","targetHints":{"allow":["GET"]}}],"collection":[{"href":"https:\/\/necidiniz.com.br\/stage\/wp-json\/wp\/v2\/pages"}],"about":[{"href":"https:\/\/necidiniz.com.br\/stage\/wp-json\/wp\/v2\/types\/page"}],"author":[{"embeddable":true,"href":"https:\/\/necidiniz.com.br\/stage\/wp-json\/wp\/v2\/users\/1"}],"replies":[{"embeddable":true,"href":"https:\/\/necidiniz.com.br\/stage\/wp-json\/wp\/v2\/comments?post=33"}],"version-history":[{"count":17,"href":"https:\/\/necidiniz.com.br\/stage\/wp-json\/wp\/v2\/pages\/33\/revisions"}],"predecessor-version":[{"id":550,"href":"https:\/\/necidiniz.com.br\/stage\/wp-json\/wp\/v2\/pages\/33\/revisions\/550"}],"wp:attachment":[{"href":"https:\/\/necidiniz.com.br\/stage\/wp-json\/wp\/v2\/media?parent=33"}],"curies":[{"name":"wp","href":"https:\/\/api.w.org\/{rel}","templated":true}]}}